{"id":21,"date":"2025-06-03T01:38:06","date_gmt":"2025-06-02T23:38:06","guid":{"rendered":"https:\/\/agk-wykonczenia.pl\/?page_id=21"},"modified":"2025-06-03T01:57:37","modified_gmt":"2025-06-02T23:57:37","slug":"strona-glowna","status":"publish","type":"page","link":"https:\/\/agk-wykonczenia.pl\/?page_id=21","title":{"rendered":""},"content":{"rendered":"\n<div class=\"wp-block-group is-content-justification-right is-nowrap is-layout-flex wp-container-core-group-is-layout-fd526d70 wp-block-group-is-layout-flex\">\n<figure class=\"wp-block-image size-large\"><img loading=\"lazy\" decoding=\"async\" width=\"1024\" height=\"683\" src=\"https:\/\/agk-wykonczenia.pl\/wp-content\/uploads\/2025\/06\/ChatGPT-Image-19-maj-2025-17_06_23-1024x683.png\" alt=\"\" class=\"wp-image-48\" srcset=\"https:\/\/agk-wykonczenia.pl\/wp-content\/uploads\/2025\/06\/ChatGPT-Image-19-maj-2025-17_06_23-1024x683.png 1024w, https:\/\/agk-wykonczenia.pl\/wp-content\/uploads\/2025\/06\/ChatGPT-Image-19-maj-2025-17_06_23-300x200.png 300w, https:\/\/agk-wykonczenia.pl\/wp-content\/uploads\/2025\/06\/ChatGPT-Image-19-maj-2025-17_06_23-768x512.png 768w, https:\/\/agk-wykonczenia.pl\/wp-content\/uploads\/2025\/06\/ChatGPT-Image-19-maj-2025-17_06_23.png 1536w\" sizes=\"auto, (max-width: 767px) 89vw, (max-width: 1000px) 54vw, (max-width: 1071px) 543px, 580px\" \/><\/figure>\n\n\n\n<div class=\"wp-block-group\"><div class=\"wp-block-group__inner-container is-layout-constrained wp-block-group-is-layout-constrained\">\n<p class=\"has-small-font-size\">Szukasz solidnej ekipy, kt\u00f3ra zrobi remont od A do Z \u2013 bez stresu, op\u00f3\u017anie\u0144 i niedom\u00f3wie\u0144? Dobrze trafi\u0142e\u015b. Od lat pomagamy naszym klientom od\u015bwie\u017ca\u0107 mieszkania, odnawia\u0107 domy i tworzy\u0107 wn\u0119trza, w kt\u00f3rych chce si\u0119 mieszka\u0107.<\/p>\n\n\n\n<p>Stawiamy na <strong>jako\u015b\u0107, terminowo\u015b\u0107 i przejrzysto\u015b\u0107<\/strong>. Niezale\u017cnie od tego, czy chodzi o kompleksowy remont, wyko\u0144czenie wn\u0119trz czy drobne poprawki \u2013 dzia\u0142amy z pe\u0142nym zaanga\u017cowaniem.<\/p>\n\n\n\n<p>Skontaktuj si\u0119 z nami i przekonaj si\u0119, \u017ce remont mo\u017ce by\u0107 prosty.<\/p>\n<\/div><\/div>\n<\/div>\n","protected":false},"excerpt":{"rendered":"<p>Szukasz solidnej ekipy, kt\u00f3ra zrobi remont od A do Z \u2013 bez stresu, op\u00f3\u017anie\u0144 i niedom\u00f3wie\u0144? Dobrze trafi\u0142e\u015b. Od lat pomagamy naszym klientom od\u015bwie\u017ca\u0107 mieszkania, odnawia\u0107 domy i tworzy\u0107 wn\u0119trza, w kt\u00f3rych chce si\u0119 mieszka\u0107. Stawiamy na jako\u015b\u0107, terminowo\u015b\u0107 i przejrzysto\u015b\u0107. Niezale\u017cnie od tego, czy chodzi o kompleksowy remont, wyko\u0144czenie wn\u0119trz czy drobne poprawki \u2013 &hellip; <\/p>\n<p class=\"link-more\"><a href=\"https:\/\/agk-wykonczenia.pl\/?page_id=21\" class=\"more-link\">Continue reading<span class=\"screen-reader-text\"> &#8220;&#8221;<\/span><\/a><\/p>\n","protected":false},"author":1,"featured_media":0,"parent":0,"menu_order":0,"comment_status":"closed","ping_status":"closed","template":"","meta":{"footnotes":""},"class_list":["post-21","page","type-page","status-publish","hentry"],"_links":{"self":[{"href":"https:\/\/agk-wykonczenia.pl\/index.php?rest_route=\/wp\/v2\/pages\/21","targetHints":{"allow":["GET"]}}],"collection":[{"href":"https:\/\/agk-wykonczenia.pl\/index.php?rest_route=\/wp\/v2\/pages"}],"about":[{"href":"https:\/\/agk-wykonczenia.pl\/index.php?rest_route=\/wp\/v2\/types\/page"}],"author":[{"embeddable":true,"href":"https:\/\/agk-wykonczenia.pl\/index.php?rest_route=\/wp\/v2\/users\/1"}],"replies":[{"embeddable":true,"href":"https:\/\/agk-wykonczenia.pl\/index.php?rest_route=%2Fwp%2Fv2%2Fcomments&post=21"}],"version-history":[{"count":9,"href":"https:\/\/agk-wykonczenia.pl\/index.php?rest_route=\/wp\/v2\/pages\/21\/revisions"}],"predecessor-version":[{"id":56,"href":"https:\/\/agk-wykonczenia.pl\/index.php?rest_route=\/wp\/v2\/pages\/21\/revisions\/56"}],"wp:attachment":[{"href":"https:\/\/agk-wykonczenia.pl\/index.php?rest_route=%2Fwp%2Fv2%2Fmedia&parent=21"}],"curies":[{"name":"wp","href":"https:\/\/api.w.org\/{rel}","templated":true}]}}